{"id":3503,"date":"2025-04-27T19:18:09","date_gmt":"2025-04-27T19:18:09","guid":{"rendered":"https:\/\/aspronstudio.net\/la-marque\/"},"modified":"2025-06-23T18:52:43","modified_gmt":"2025-06-23T18:52:43","slug":"la-marque","status":"publish","type":"page","link":"https:\/\/aspronstudio.net\/fr\/la-marque\/","title":{"rendered":"La marque"},"content":{"rendered":"\t\t<div data-elementor-type=\"wp-page\" data-elementor-id=\"3503\" class=\"elementor elementor-3503 elementor-90\" data-elementor-post-type=\"page\">\n\t\t\t\t<div class=\"elementor-element elementor-element-67a67d1 e-con-full e-flex e-con e-parent\" data-id=\"67a67d1\" data-element_type=\"container\" data-settings=\"{&quot;jet_parallax_layout_list&quot;:[]}\">\n\t\t\t\t<div class=\"elementor-element elementor-element-fc74941 elementor-widget elementor-widget-heading\" data-id=\"fc74941\" data-element_type=\"widget\" data-widget_type=\"heading.default\">\n\t\t\t\t<div class=\"elementor-widget-container\">\n\t\t\t\t\t<h1 class=\"elementor-heading-title elementor-size-default\">La marque<\/h1>\t\t\t\t<\/div>\n\t\t\t\t<\/div>\n\t\t<div class=\"elementor-element elementor-element-b944d0f e-con-full e-flex e-con e-child\" data-id=\"b944d0f\" data-element_type=\"container\" data-settings=\"{&quot;jet_parallax_layout_list&quot;:[]}\">\n\t\t<div class=\"elementor-element elementor-element-7ddac44 e-con-full e-flex e-con e-child\" data-id=\"7ddac44\" data-element_type=\"container\" data-settings=\"{&quot;jet_parallax_layout_list&quot;:[]}\">\n\t\t\t\t<div class=\"elementor-element elementor-element-2eb85bd elementor-widget elementor-widget-text-editor\" data-id=\"2eb85bd\" data-element_type=\"widget\" data-widget_type=\"text-editor.default\">\n\t\t\t\t<div class=\"elementor-widget-container\">\n\t\t\t\t\t\t\t\t\t<p>ASPRON STUDIO &#8211; Quand la tradition rencontre le design conscient<\/p><p>Patricia a d\u00e9couvert sa vocation d\u00e8s son plus jeune \u00e2ge. Passionn\u00e9e par le stylisme, elle \u00e9tudie \u00e0 Madrid et \u00e0 Milan, deux capitales de la cr\u00e9ation qui lui offrent une formation solide et une ouverture internationale. Mais son v\u00e9ritable apprentissage a commenc\u00e9 lorsqu\u2019elle a commenc\u00e9 \u00e0 travailler dans une usine de tricotage, o\u00f9 chaque v\u00eatement \u00e9tait cr\u00e9\u00e9 \u00e0 l\u2019aide de machines manuelles. C\u2019est l\u00e0, au milieu des fils et des aiguilles, qu\u2019elle a compris la v\u00e9ritable valeur de l\u2019artisanat, de la pr\u00e9cision et du temps.<\/p><p>Pendant des ann\u00e9es, il a perfectionn\u00e9 sa technique en concevant et en produisant pour de grandes entreprises textiles. Elle a appris \u00e0 ma\u00eetriser le processus de l\u2019int\u00e9rieur, en comprenant que derri\u00e8re un v\u00eatement bien fait se cachent l\u2019artisanat, l\u2019exp\u00e9rience et le respect de la mati\u00e8re. Ces connaissances, associ\u00e9es \u00e0 sa vision esth\u00e9tique, l\u2019ont amen\u00e9e \u00e0 r\u00eaver d\u2019un projet qui lui soit propre.<\/p><p>Gr\u00e2ce au soutien de son oncle, Patricia a fond\u00e9 ASPRON STUDIO : une marque de tricots intemporels o\u00f9 qualit\u00e9 et design vont de pair. Elle est n\u00e9e avec un objectif clair : offrir au client une v\u00e9ritable alternative dans un march\u00e9 polaris\u00e9 entre le luxe inaccessible et le low cost de qualit\u00e9.<\/p><p>Chez ASPRON STUDIO, nous croyons en l\u2019\u00e9quilibre. Nous cr\u00e9ons des pi\u00e8ces durables, con\u00e7ues avec soin, avec des mat\u00e9riaux de premi\u00e8re qualit\u00e9 et une production responsable Notre mission est de proposer des v\u00eatements qui ne sont pas seulement beaux, mais aussi agr\u00e9ables \u00e0 porter : honn\u00eates, authentiques et faits pour durer.<\/p><p>ASPRON STUDIO ne suit pas les tendances. Il les transcende.<\/p><p>Nous croyons en une mode bien faite, con\u00e7ue pour durer et pour ceux qui appr\u00e9cient l&rsquo;authenticit\u00e9.<\/p>\t\t\t\t\t\t\t\t<\/div>\n\t\t\t\t<\/div>\n\t\t\t\t<\/div>\n\t\t<div class=\"elementor-element elementor-element-5ad5cd1 e-con-full e-flex e-con e-child\" data-id=\"5ad5cd1\" data-element_type=\"container\" data-settings=\"{&quot;jet_parallax_layout_list&quot;:[]}\">\n\t\t\t\t<div class=\"elementor-element elementor-element-e62a5b2 elementor-widget elementor-widget-image\" data-id=\"e62a5b2\" data-element_type=\"widget\" data-widget_type=\"image.default\">\n\t\t\t\t<div class=\"elementor-widget-container\">\n\t\t\t\t\t\t\t\t\t\t\t\t\t\t\t<img fetchpriority=\"high\" decoding=\"async\" width=\"1600\" height=\"2400\" src=\"https:\/\/aspronstudio.net\/wp-content\/uploads\/ASPRON33879.jpg\" class=\"attachment-full size-full wp-image-3343\" alt=\"Aspron Studio Oto\u00f1o Invierno 2025-2026\" srcset=\"https:\/\/aspronstudio.net\/wp-content\/uploads\/ASPRON33879.jpg 1600w, https:\/\/aspronstudio.net\/wp-content\/uploads\/ASPRON33879-200x300.jpg 200w, https:\/\/aspronstudio.net\/wp-content\/uploads\/ASPRON33879-683x1024.jpg 683w, https:\/\/aspronstudio.net\/wp-content\/uploads\/ASPRON33879-768x1152.jpg 768w, https:\/\/aspronstudio.net\/wp-content\/uploads\/ASPRON33879-1024x1536.jpg 1024w, https:\/\/aspronstudio.net\/wp-content\/uploads\/ASPRON33879-1365x2048.jpg 1365w, https:\/\/aspronstudio.net\/wp-content\/uploads\/ASPRON33879-600x900.jpg 600w\" sizes=\"(max-width: 1600px) 100vw, 1600px\" \/>\t\t\t\t\t\t\t\t\t\t\t\t\t\t\t<\/div>\n\t\t\t\t<\/div>\n\t\t\t\t<\/div>\n\t\t\t\t<\/div>\n\t\t\t\t<\/div>\n\t\t\t\t<\/div>\n\t\t","protected":false},"excerpt":{"rendered":"<p>La marque ASPRON STUDIO &#8211; Quand la tradition rencontre le design conscient Patricia a d\u00e9couvert sa vocation d\u00e8s son plus jeune \u00e2ge. Passionn\u00e9e par le stylisme, elle \u00e9tudie \u00e0 Madrid et \u00e0 Milan, deux capitales de la cr\u00e9ation qui lui offrent une formation solide et une ouverture internationale. Mais son v\u00e9ritable apprentissage a commenc\u00e9 lorsqu\u2019elle [&hellip;]<\/p>\n","protected":false},"author":1,"featured_media":3306,"parent":0,"menu_order":0,"comment_status":"closed","ping_status":"closed","template":"","meta":{"footnotes":""},"class_list":["post-3503","page","type-page","status-publish","has-post-thumbnail","hentry"],"_links":{"self":[{"href":"https:\/\/aspronstudio.net\/fr\/wp-json\/wp\/v2\/pages\/3503","targetHints":{"allow":["GET"]}}],"collection":[{"href":"https:\/\/aspronstudio.net\/fr\/wp-json\/wp\/v2\/pages"}],"about":[{"href":"https:\/\/aspronstudio.net\/fr\/wp-json\/wp\/v2\/types\/page"}],"author":[{"embeddable":true,"href":"https:\/\/aspronstudio.net\/fr\/wp-json\/wp\/v2\/users\/1"}],"replies":[{"embeddable":true,"href":"https:\/\/aspronstudio.net\/fr\/wp-json\/wp\/v2\/comments?post=3503"}],"version-history":[{"count":2,"href":"https:\/\/aspronstudio.net\/fr\/wp-json\/wp\/v2\/pages\/3503\/revisions"}],"predecessor-version":[{"id":3532,"href":"https:\/\/aspronstudio.net\/fr\/wp-json\/wp\/v2\/pages\/3503\/revisions\/3532"}],"wp:featuredmedia":[{"embeddable":true,"href":"https:\/\/aspronstudio.net\/fr\/wp-json\/wp\/v2\/media\/3306"}],"wp:attachment":[{"href":"https:\/\/aspronstudio.net\/fr\/wp-json\/wp\/v2\/media?parent=3503"}],"curies":[{"name":"wp","href":"https:\/\/api.w.org\/{rel}","templated":true}]}}