{"id":3511,"date":"2025-04-27T21:33:38","date_gmt":"2025-04-27T21:33:38","guid":{"rendered":"https:\/\/aspronstudio.net\/avis-juridique\/"},"modified":"2025-06-23T18:16:20","modified_gmt":"2025-06-23T18:16:20","slug":"avis-juridique","status":"publish","type":"page","link":"https:\/\/aspronstudio.net\/fr\/avis-juridique\/","title":{"rendered":"Avis juridique"},"content":{"rendered":"\t\t<div data-elementor-type=\"wp-page\" data-elementor-id=\"3511\" class=\"elementor elementor-3511 elementor-119\" data-elementor-post-type=\"page\">\n\t\t\t\t<div class=\"elementor-element elementor-element-35949e2 e-con-full e-flex e-con e-parent\" data-id=\"35949e2\" data-element_type=\"container\" data-settings=\"{&quot;jet_parallax_layout_list&quot;:[]}\">\n\t\t\t\t<div class=\"elementor-element elementor-element-bd6801a elementor-widget elementor-widget-heading\" data-id=\"bd6801a\" data-element_type=\"widget\" data-widget_type=\"heading.default\">\n\t\t\t\t<div class=\"elementor-widget-container\">\n\t\t\t\t\t<h1 class=\"elementor-heading-title elementor-size-default\">Avis juridique<\/h1>\t\t\t\t<\/div>\n\t\t\t\t<\/div>\n\t\t\t\t<div class=\"elementor-element elementor-element-213e96f elementor-widget elementor-widget-text-editor\" data-id=\"213e96f\" data-element_type=\"widget\" data-widget_type=\"text-editor.default\">\n\t\t\t\t<div class=\"elementor-widget-container\">\n\t\t\t\t\t\t\t\t\t<p data-start=\"654\" data-end=\"922\">Conform\u00e9ment \u00e0 l&rsquo;obligation d&rsquo;information pr\u00e9vue par l&rsquo;article 10 de la loi 34\/2002, du 11 juillet, sur les services de la soci\u00e9t\u00e9 de l&rsquo;information et le commerce \u00e9lectronique, les donn\u00e9es d&rsquo;identification de l&rsquo;entreprise propri\u00e9taire du site web sont indiqu\u00e9es ci-dessous :<\/p><p data-start=\"924\" data-end=\"1199\"><strong data-start=\"924\" data-end=\"936\">Propri\u00e9taire : <\/strong>Pronatex Dise\u00f1o Textil S.L.<br data-start=\"966\" data-end=\"969\"><strong data-start=\"969\" data-end=\"977\">NUM\u00c9RO DE TVA :<\/strong> B85708113<br data-start=\"987\" data-end=\"990\"><strong data-start=\"990\" data-end=\"1011\">Si\u00e8ge social :<\/strong> C\/ Pollensa 4, Ofi. 16, Planta 1, 28232 Las Rozas (Madrid), Espagne. <br data-start=\"1079\" data-end=\"1082\"><strong data-start=\"1082\" data-end=\"1117\">Courriel de contact :<\/strong><a class=\"cursor-pointer\" rel=\"noopener\">[info@aspronstudio.net]<\/a><br data-start=\"1141\" data-end=\"1144\"><strong data-start=\"1144\" data-end=\"1169\">Num\u00e9ro de t\u00e9l\u00e9phone de contact :<\/strong> [indiquer si vous souhaitez afficher].<\/p><h2 data-start=\"1201\" data-end=\"1213\">1) OBJECTIF<\/h2><p data-start=\"1215\" data-end=\"1452\">Ce site Web a \u00e9t\u00e9 d\u00e9velopp\u00e9 dans le but d&rsquo;informer sur les produits, les services et les activit\u00e9s de Pronatex Dise\u00f1o Textil S.L., ainsi que pour la commercialisation en ligne de ses produits de mode sous la marque Aspron Studio.<\/p><h2 data-start=\"1454\" data-end=\"1468\">2. UTILISATEURS<\/h2><p data-start=\"1470\" data-end=\"1768\">L&rsquo;acc\u00e8s et\/ou l&rsquo;utilisation de ce portail attribue la condition d&rsquo;UTILISATEUR, qui accepte, \u00e0 partir de cet acc\u00e8s et\/ou de cette utilisation, les conditions d&rsquo;utilisation refl\u00e9t\u00e9es ici. Ces conditions s&rsquo;appliquent ind\u00e9pendamment des conditions g\u00e9n\u00e9rales du contrat qui, le cas \u00e9ch\u00e9ant, sont obligatoires. <\/p><h2 data-start=\"1770\" data-end=\"1790\">3. UTILISATION DU PORTAIL<\/h2><p data-start=\"1792\" data-end=\"2123\"><a class=\"\" href=\"https:\/\/aspronstudio.net\/fr\/\" target=\"_new\" rel=\"noopener\" data-start=\"1792\" data-end=\"1836\">aspronstudio.net<\/a> donne acc\u00e8s \u00e0 une multitude d&rsquo;informations, de services, de programmes ou de donn\u00e9es (ci-apr\u00e8s, \u00ab les contenus \u00bb) sur Internet appartenant \u00e0 Pronatex Dise\u00f1o Textil S.L. ou \u00e0 ses conc\u00e9dants de licence, auxquels l&rsquo;UTILISATEUR peut avoir acc\u00e8s. L&rsquo;UTILISATEUR assume la responsabilit\u00e9 de l&rsquo;utilisation du portail. <\/p><h2 data-start=\"2125\" data-end=\"2165\">4. PROPRI\u00c9T\u00c9 INTELLECTUELLE ET INDUSTRIELLE<\/h2><p data-start=\"2167\" data-end=\"2547\">Pronatex Dise\u00f1o Textil S.L., par elle-m\u00eame ou en tant que cessionnaire, est titulaire de tous les droits de propri\u00e9t\u00e9 intellectuelle et industrielle de son site Web, ainsi que des \u00e9l\u00e9ments qu&rsquo;il contient (y compris, mais sans s&rsquo;y limiter, les images, le son, l&rsquo;audio, la vid\u00e9o, les logiciels ou les textes ; les marques ou les logos, les combinaisons de couleurs, la structure et le design, etc.<\/p><p data-start=\"2549\" data-end=\"2868\">La reproduction, la distribution et la communication publique, y compris la mise \u00e0 disposition, de tout ou partie du contenu de ce site Web, \u00e0 des fins commerciales, sur n&rsquo;importe quel support et par n&rsquo;importe quel moyen technique, sans l&rsquo;autorisation de Pronatex Dise\u00f1o Textil S.L., est express\u00e9ment interdite.<\/p><h2 data-start=\"2870\" data-end=\"2916\">5. EXCLUSION DES GARANTIES ET DE LA RESPONSABILIT\u00c9<\/h2><p data-start=\"2918\" data-end=\"3316\">Pronatex Dise\u00f1o Textil S.L. ne sera en aucun cas responsable des dommages de toute nature pouvant \u00eatre caus\u00e9s par, mais sans s&rsquo;y limiter : des erreurs ou des omissions dans le contenu, le manque de disponibilit\u00e9 du portail ou la transmission de virus ou de programmes malveillants ou nuisibles dans le contenu, bien qu&rsquo;elle ait adopt\u00e9 toutes les mesures technologiques n\u00e9cessaires pour l&#8217;emp\u00eacher.<\/p><h2 data-start=\"3318\" data-end=\"3338\">6. MODIFICATIONS<\/h2><p data-start=\"3340\" data-end=\"3660\">Pronatex Dise\u00f1o Textil S.L. se r\u00e9serve le droit d&rsquo;apporter les modifications qu&rsquo;elle juge opportunes \u00e0 son portail sans pr\u00e9avis, et peut changer, supprimer ou ajouter aussi bien le contenu et les services fournis par le biais du portail que la fa\u00e7on dont ils sont pr\u00e9sent\u00e9s ou situ\u00e9s sur le portail.<\/p><h2 data-start=\"3662\" data-end=\"3675\">7. LIENS<\/h2><p data-start=\"3677\" data-end=\"4055\">Si le <a class=\"\" href=\"https:\/\/aspronstudio.net\/fr\/\" target=\"_new\" rel=\"noopener\" data-start=\"3698\" data-end=\"3742\">site aspronstudio.net<\/a> contient des liens ou des hyperliens vers d&rsquo;autres sites Internet, Pronatex Dise\u00f1o Textil S.L. n&rsquo;exerce aucun contr\u00f4le sur ces sites et leur contenu. Pronatex Dise\u00f1o Textil S.L. n&rsquo;assume en aucun cas la responsabilit\u00e9 du contenu de tout lien appartenant \u00e0 un site Web externe. <\/p><h2 data-start=\"4057\" data-end=\"4083\">8. DROIT D&rsquo;EXCLUSION<\/h2><p data-start=\"4085\" data-end=\"4343\">Pronatex Dise\u00f1o Textil S.L. se r\u00e9serve le droit de refuser ou de retirer l&rsquo;acc\u00e8s au portail et\/ou aux services offerts sans pr\u00e9avis, \u00e0 sa propre demande ou \u00e0 la demande d&rsquo;un tiers, aux utilisateurs qui ne respectent pas les pr\u00e9sentes conditions g\u00e9n\u00e9rales d&rsquo;utilisation.<\/p><h2 data-start=\"4345\" data-end=\"4364\">9. G\u00c9N\u00c9RALIT\u00c9S<\/h2><p data-start=\"4366\" data-end=\"4591\">Pronatex Dise\u00f1o Textil S.L. poursuivra la violation des pr\u00e9sentes conditions ainsi que toute utilisation inappropri\u00e9e de son portail en exer\u00e7ant toutes les actions civiles et p\u00e9nales qui peuvent lui correspondre en vertu de la loi.<\/p><h2 data-start=\"4593\" data-end=\"4636\">10. DROIT APPLICABLE ET JURIDICTION<\/h2><p data-start=\"4638\" data-end=\"4869\">La relation entre Pronatex Dise\u00f1o Textil S.L. et l&rsquo;UTILISATEUR est r\u00e9gie par la l\u00e9gislation espagnole en vigueur et tout litige sera soumis aux cours et tribunaux de la ville de Madrid, sauf disposition contraire de la loi.<\/p>\t\t\t\t\t\t\t\t<\/div>\n\t\t\t\t<\/div>\n\t\t\t\t<\/div>\n\t\t\t\t<\/div>\n\t\t","protected":false},"excerpt":{"rendered":"<p>Conform\u00e9ment \u00e0 l&rsquo;obligation d&rsquo;information pr\u00e9vue par l&rsquo;article 10 de la loi 34\/2002, du 11 juillet, sur les services de la soci\u00e9t\u00e9 de l&rsquo;information et le commerce \u00e9lectronique, les donn\u00e9es d&rsquo;identification de l&rsquo;entreprise propri\u00e9taire du site web sont indiqu\u00e9es ci-dessous : Propri\u00e9taire : Pronatex Dise\u00f1o Textil S.L.NUM\u00c9RO DE TVA : B85708113Si\u00e8ge social : C\/ Pollensa 4, [&hellip;]<\/p>\n","protected":false},"author":1,"featured_media":0,"parent":0,"menu_order":0,"comment_status":"closed","ping_status":"closed","template":"","meta":{"footnotes":""},"class_list":["post-3511","page","type-page","status-publish","hentry"],"_links":{"self":[{"href":"https:\/\/aspronstudio.net\/fr\/wp-json\/wp\/v2\/pages\/3511","targetHints":{"allow":["GET"]}}],"collection":[{"href":"https:\/\/aspronstudio.net\/fr\/wp-json\/wp\/v2\/pages"}],"about":[{"href":"https:\/\/aspronstudio.net\/fr\/wp-json\/wp\/v2\/types\/page"}],"author":[{"embeddable":true,"href":"https:\/\/aspronstudio.net\/fr\/wp-json\/wp\/v2\/users\/1"}],"replies":[{"embeddable":true,"href":"https:\/\/aspronstudio.net\/fr\/wp-json\/wp\/v2\/comments?post=3511"}],"version-history":[{"count":1,"href":"https:\/\/aspronstudio.net\/fr\/wp-json\/wp\/v2\/pages\/3511\/revisions"}],"predecessor-version":[{"id":3512,"href":"https:\/\/aspronstudio.net\/fr\/wp-json\/wp\/v2\/pages\/3511\/revisions\/3512"}],"wp:attachment":[{"href":"https:\/\/aspronstudio.net\/fr\/wp-json\/wp\/v2\/media?parent=3511"}],"curies":[{"name":"wp","href":"https:\/\/api.w.org\/{rel}","templated":true}]}}